{"id":3585,"date":"2025-04-14T12:08:07","date_gmt":"2025-04-14T17:08:07","guid":{"rendered":"https:\/\/www.dauphinquebec.com\/?page_id=3585"},"modified":"2025-04-17T11:49:57","modified_gmt":"2025-04-17T16:49:57","slug":"welcome-home","status":"publish","type":"page","link":"https:\/\/www.dauphinquebec.com\/en\/welcome-home\/","title":{"rendered":"Welcome home"},"content":{"rendered":"<article class=\"text-token-text-primary w-full\" dir=\"auto\" data-testid=\"conversation-turn-2\" data-scroll-anchor=\"true\">\n<div class=\"text-base my-auto mx-auto py-5 [--thread-content-margin:--spacing(4)] @[37rem]:[--thread-content-margin:--spacing(6)] @[70rem]:[--thread-content-margin:--spacing(12)] px-(--thread-content-margin)\">\n<div class=\"[--thread-content-max-width:32rem] @[34rem]:[--thread-content-max-width:40rem] @[64rem]:[--thread-content-max-width:48rem] mx-auto flex max-w-(--thread-content-max-width) flex-1 text-base gap-4 md:gap-5 lg:gap-6 group\/turn-messages focus-visible:outline-hidden\" tabindex=\"-1\">\n<div class=\"group\/conversation-turn relative flex w-full min-w-0 flex-col agent-turn\">\n<div class=\"relative flex-col gap-1 md:gap-3\">\n<div class=\"flex max-w-full flex-col grow\">\n<div class=\"min-h-8 text-message relative flex w-full flex-col items-end gap-2 text-start break-words whitespace-normal [.text-message+&amp;]:mt-5\" dir=\"auto\" data-message-author-role=\"assistant\" data-message-id=\"36e54913-4340-45d9-8948-5aa4dbc604b5\" data-message-model-slug=\"gpt-4o\">\n<div class=\"flex w-full flex-col gap-1 empty:hidden first:pt-[3px]\">\n<div class=\"markdown prose dark:prose-invert w-full break-words light\">\n<p class=\"\" data-start=\"52\" data-end=\"100\"><strong data-start=\"52\" data-end=\"100\">Welcome to H\u00f4tel et Suites Le Dauphin Qu\u00e9bec<\/strong><\/p>\n<p class=\"\" data-start=\"102\" data-end=\"367\">It is with warmth and enthusiasm that the entire team at H\u00f4tel et Suites Le Dauphin Qu\u00e9bec welcomes you. Under the leadership of Caroline Milot, our passionate and dedicated owner, we are committed to providing you with a comfortable, enjoyable, and memorable stay.<\/p>\n<p class=\"\" data-start=\"369\" data-end=\"774\">Since acquiring the hotel in 2010, our mission has been to create an accommodation experience that combines modern comfort, attentive service, and human values. To better meet the needs of our guests, two Le Dauphin hotels are now at your service, offering flexibility, accessibility, and quality\u2014whether you&#8217;re traveling for business, enjoying a family getaway, or exploring the beautiful city of Qu\u00e9bec.<\/p>\n<p class=\"\" data-start=\"776\" data-end=\"987\">Our strategic location\u2014close to downtown, major highways, and popular tourist attractions\u2014allows you to fully enjoy everything Qu\u00e9bec has to offer, all while benefiting from a peaceful and welcoming environment.<\/p>\n<p data-start=\"776\" data-end=\"987\">Caroline Milot<br \/>\nOwner<\/p>\n<\/div>\n<\/div>\n<\/div>\n<\/div>\n<div class=\"flex justify-start\">\n<div class=\"touch:-me-2 touch:-ms-3.5 -ms-2.5 -me-1 flex items-center p-1 select-none -mt-1 duration-[1.5s] focus-within:transition-none hover:transition-none pointer-events-none [mask-image:linear-gradient(to_right,black_33%,transparent_66%)] [mask-position:100%_0%] [mask-size:300%_100%] motion-safe:transition-[mask-position] group-hover\/turn-messages:pointer-events-auto group-hover\/turn-messages:[mask-position:0_0] group-focus-within\/turn-messages:pointer-events-auto group-focus-within\/turn-messages:[mask-position:0_0] has-data-[state=open]:pointer-events-auto has-data-[state=open]:[mask-position:0_0]\"><\/div>\n<\/div>\n<\/div>\n<div class=\"absolute\">\n<div class=\"flex items-center justify-center\"><\/div>\n<\/div>\n<\/div>\n<\/div>\n<\/div>\n<\/article>\n<div class=\"pointer-events-none h-px w-px\" aria-hidden=\"true\" data-edge=\"true\"><\/div>\n","protected":false},"excerpt":{"rendered":"<p>Welcome to H\u00f4tel et Suites Le Dauphin Qu\u00e9bec It is with warmth and enthusiasm that the entire team at H\u00f4tel et Suites Le Dauphin Qu\u00e9bec welcomes you. Under the leadership of Caroline Milot, our passionate and dedicated owner, we are committed to providing you with a comfortable, enjoyable, and memorable stay. Since acquiring the hotel [&hellip;]<\/p>\n","protected":false},"author":4,"featured_media":3583,"parent":0,"menu_order":0,"comment_status":"closed","ping_status":"closed","template":"","meta":{"_acf_changed":false,"footnotes":""},"class_list":["post-3585","page","type-page","status-publish","has-post-thumbnail","hentry"],"acf":[],"_links":{"self":[{"href":"https:\/\/www.dauphinquebec.com\/en\/wp-json\/wp\/v2\/pages\/3585","targetHints":{"allow":["GET"]}}],"collection":[{"href":"https:\/\/www.dauphinquebec.com\/en\/wp-json\/wp\/v2\/pages"}],"about":[{"href":"https:\/\/www.dauphinquebec.com\/en\/wp-json\/wp\/v2\/types\/page"}],"author":[{"embeddable":true,"href":"https:\/\/www.dauphinquebec.com\/en\/wp-json\/wp\/v2\/users\/4"}],"replies":[{"embeddable":true,"href":"https:\/\/www.dauphinquebec.com\/en\/wp-json\/wp\/v2\/comments?post=3585"}],"version-history":[{"count":2,"href":"https:\/\/www.dauphinquebec.com\/en\/wp-json\/wp\/v2\/pages\/3585\/revisions"}],"predecessor-version":[{"id":3597,"href":"https:\/\/www.dauphinquebec.com\/en\/wp-json\/wp\/v2\/pages\/3585\/revisions\/3597"}],"wp:featuredmedia":[{"embeddable":true,"href":"https:\/\/www.dauphinquebec.com\/en\/wp-json\/wp\/v2\/media\/3583"}],"wp:attachment":[{"href":"https:\/\/www.dauphinquebec.com\/en\/wp-json\/wp\/v2\/media?parent=3585"}],"curies":[{"name":"wp","href":"https:\/\/api.w.org\/{rel}","templated":true}]}}